{"id":72,"date":"2025-01-08T17:50:43","date_gmt":"2025-01-08T17:50:43","guid":{"rendered":"https:\/\/irpf.fadema.org.br\/?page_id=72"},"modified":"2026-02-25T13:18:55","modified_gmt":"2026-02-25T16:18:55","slug":"2025-2","status":"publish","type":"page","link":"https:\/\/irpf.fadema.org.br\/","title":{"rendered":"2026"},"content":{"rendered":"\t\t<div data-elementor-type=\"wp-page\" data-elementor-id=\"72\" class=\"elementor elementor-72\" data-elementor-post-type=\"page\">\n\t\t\t\t\t\t<section class=\"elementor-section elementor-top-section elementor-element elementor-element-721b6182 elementor-section-boxed elementor-section-height-default elementor-section-height-default\" data-id=\"721b6182\" data-element_type=\"section\" data-e-type=\"section\" data-settings=\"{&quot;background_background&quot;:&quot;classic&quot;}\">\n\t\t\t\t\t\t<div class=\"elementor-container elementor-column-gap-no\">\n\t\t\t\t\t<div class=\"elementor-column elementor-col-100 elementor-top-column elementor-element elementor-element-1fc3cae6\" data-id=\"1fc3cae6\" data-element_type=\"column\" data-e-type=\"column\">\n\t\t\t<div class=\"elementor-widget-wrap elementor-element-populated\">\n\t\t\t\t\t\t<div class=\"elementor-element elementor-element-49290d5c elementor-widget__width-auto elementor-widget elementor-widget-heading\" data-id=\"49290d5c\" data-element_type=\"widget\" data-e-type=\"widget\" data-widget_type=\"heading.default\">\n\t\t\t\t<div class=\"elementor-widget-container\">\n\t\t\t\t\t<h6 class=\"elementor-heading-title elementor-size-default\">IMPOSTO DE RENDA 2026<\/h6>\t\t\t\t<\/div>\n\t\t\t\t<\/div>\n\t\t\t\t<div class=\"elementor-element elementor-element-6b7d7f11 elementor-widget elementor-widget-heading\" data-id=\"6b7d7f11\" data-element_type=\"widget\" data-e-type=\"widget\" data-widget_type=\"heading.default\">\n\t\t\t\t<div class=\"elementor-widget-container\">\n\t\t\t\t\t<h5 class=\"elementor-heading-title elementor-size-default\">- Comprovante de Rendimentos Pagos e de Imposto sobre a Renda Retido na Fonte -\nExerc\u00edcio 2026 (Ano Base 2025)<\/h5>\t\t\t\t<\/div>\n\t\t\t\t<\/div>\n\t\t\t\t<div class=\"elementor-element elementor-element-f638cfb elementor-widget elementor-widget-ucaddon_uc_card_post_carousel\" data-id=\"f638cfb\" data-element_type=\"widget\" data-e-type=\"widget\" data-widget_type=\"ucaddon_uc_card_post_carousel.default\">\n\t\t\t\t<div class=\"elementor-widget-container\">\n\t\t\t\t\t\n<!-- start Post Carousel Lite -->\n\t\t<link id='font-awesome-css' href='https:\/\/irpf.fadema.org.br\/wp-content\/plugins\/unlimited-elements-for-elementor\/assets_libraries\/font-awesome6\/fontawesome-all.min.css' type='text\/css' rel='stylesheet' >\n\t\t<link id='font-awesome-4-shim-css' href='https:\/\/irpf.fadema.org.br\/wp-content\/plugins\/unlimited-elements-for-elementor\/assets_libraries\/font-awesome6\/fontawesome-v4-shims.min.css' type='text\/css' rel='stylesheet' >\n\t\t<link id='owl-carousel-css' href='https:\/\/irpf.fadema.org.br\/wp-content\/plugins\/unlimited-elements-for-elementor\/assets_libraries\/owl-carousel-new\/assets\/owl.carousel.css' type='text\/css' rel='stylesheet' >\n\n<style>\/* widget: Post Carousel Lite *\/\n\n#uc_uc_card_post_carousel_elementor_f638cfb *{\n  box-sizing:border-box;\n}\n#uc_uc_card_post_carousel_elementor_f638cfb{\n  position:relative;\n  min-height:1px;\n}\n#uc_uc_card_post_carousel_elementor_f638cfb .uc_image_carousel_content{\n\ttext-align:center;\n    display: flex;\n     flex-flow: column nowrap;\n}\n#uc_uc_card_post_carousel_elementor_f638cfb .ue_post_carousel_item\n{\n  overflow:hidden;\n  \n}\n#uc_uc_card_post_carousel_elementor_f638cfb .uc_image_carousel_bg {\n  background-repeat: no-repeat;\n}\n#uc_uc_card_post_carousel_elementor_f638cfb .uc_image_carousel_placeholder a{\n  width:100%;\n}\n#uc_uc_card_post_carousel_elementor_f638cfb .uc_image_carousel_bg{\n  width:100%;\n}\n#uc_uc_card_post_carousel_elementor_f638cfb .uc_image_carousel_placeholder{\n  overflow:hidden;\n}\n\n#uc_uc_card_post_carousel_elementor_f638cfb .ue_post_btn_holder\n{\n  margin-top:auto;\n}\n\n#uc_uc_card_post_carousel_elementor_f638cfb .uc_more_btn{\n\n  display:inline-block;\n  text-align:center;\n  text-decoration:none;\n} \n\n.uc_overlay_image_carousel .uc_more_btn{\n  text-decoration:none;\n  display:inline-block;\n}\n\n.uc_overlay_image_carousel .uc_post_title{\n  font-size:21px;\n  text-decoration:none;\n}\n\n#uc_uc_card_post_carousel_elementor_f638cfb .owl-nav .owl-prev{\n    position:absolute;\n    display:inline-block;\n    text-align:center;\n}\n#uc_uc_card_post_carousel_elementor_f638cfb .owl-nav .owl-next{\n  position:absolute;\n  display:inline-block;\n  text-align:center;\n}\n\n\n#uc_uc_card_post_carousel_elementor_f638cfb .owl-dots {\noverflow:hidden;\ndisplay:true !important;\ntext-align:center;\n}\n\n#uc_uc_card_post_carousel_elementor_f638cfb .owl-dot {\nborder-radius:50%;\ndisplay:inline-block;\n}\n\t#uc_uc_card_post_carousel_elementor_f638cfb .owl-stage\n        {\n            transition-timing-function: linear!important;\n        }\n\n\n\n<\/style>\n\n<div class=\"uc_overlay_image_carousel  \" id=\"uc_uc_card_post_carousel_elementor_f638cfb\" data-custom-sethtml=\"true\" >\n   <div class=\"uc_carousel owl-carousel owl-theme uc-items-wrapper\">\n   \t\t\n   <\/div>\t\n<\/div>\n\n<!-- end Post Carousel Lite -->\t\t\t\t<\/div>\n\t\t\t\t<\/div>\n\t\t\t\t\t<\/div>\n\t\t<\/div>\n\t\t\t\t\t<\/div>\n\t\t<\/section>\n\t\t<div class=\"elementor-element elementor-element-2401f51 e-flex e-con-boxed e-con e-parent\" data-id=\"2401f51\" data-element_type=\"container\" data-e-type=\"container\">\n\t\t\t\t\t<div class=\"e-con-inner\">\n\t\t<div class=\"elementor-element elementor-element-69fac99 e-con-full e-flex e-con e-child\" data-id=\"69fac99\" data-element_type=\"container\" data-e-type=\"container\">\n\t\t\t\t<div class=\"elementor-element elementor-element-4b22e63 elementor-widget elementor-widget-heading\" data-id=\"4b22e63\" data-element_type=\"widget\" data-e-type=\"widget\" data-widget_type=\"heading.default\">\n\t\t\t\t<div class=\"elementor-widget-container\">\n\t\t\t\t\t<h5 class=\"elementor-heading-title elementor-size-default\">\ud83d\udd12 Orienta\u00e7\u00f5es para Acesso<\/h5>\t\t\t\t<\/div>\n\t\t\t\t<\/div>\n\t\t\t\t<div class=\"elementor-element elementor-element-4f4c0af elementor-widget elementor-widget-text-editor\" data-id=\"4f4c0af\" data-element_type=\"widget\" data-e-type=\"widget\" data-widget_type=\"text-editor.default\">\n\t\t\t\t<div class=\"elementor-widget-container\">\n\t\t\t\t\t\t\t\t\t<p style=\"text-align: justify;\"><strong>Para visualizar e baixar o seu documento em nosso ambiente seguro, siga as instru\u00e7\u00f5es abaixo:<\/strong><\/p><ul data-path-to-node=\"9\"><li style=\"text-align: justify;\"><p style=\"text-align: justify;\" data-path-to-node=\"9,0,1\"><span data-path-to-node=\"9,0,1,0\"><b data-path-to-node=\"9,0,1,0\" data-index-in-node=\"0\"><span class=\"citation-128\">Identifica\u00e7\u00e3o:<\/span><\/b><span class=\"citation-128\"> No primeiro campo, informe o seu <\/span><b data-path-to-node=\"9,0,1,0\" data-index-in-node=\"48\"><span class=\"citation-128\">nome completo<\/span><\/b><span class=\"citation-128\"> conforme o registro institucional<\/span><\/span><span data-path-to-node=\"9,0,1,2\">.<\/span><\/p><\/li><li style=\"text-align: justify;\"><p data-path-to-node=\"9,1,0\"><span data-path-to-node=\"9,1,0,0\"><b data-path-to-node=\"9,1,0,0\" data-index-in-node=\"0\">Seguran\u00e7a (Senha):<\/b> A senha de acesso \u00e9 o seu <b data-path-to-node=\"9,1,0,0\" data-index-in-node=\"45\">CPF<\/b>. <\/span><span data-path-to-node=\"9,1,0,2\"><span class=\"citation-127\">Digite <span style=\"color: #ff0000;\"><strong>apenas os <\/strong><\/span><\/span><span style=\"color: #ff0000;\"><strong><span class=\"citation-127\">n\u00fameros<\/span><\/strong><\/span><span class=\"citation-127\">, sem pontos (.) ou tra\u00e7os (-)<\/span><\/span><span data-path-to-node=\"9,1,0,4\">.<\/span><\/p><\/li><li style=\"text-align: justify;\"><p style=\"text-align: justify;\" data-path-to-node=\"9,1,0\"><b data-path-to-node=\"5,0,0\" data-index-in-node=\"0\">Bloqueadores de Popup:<\/b> Certifique-se de que os popups do seu navegador est\u00e3o <b data-path-to-node=\"5,0,0\" data-index-in-node=\"77\">autorizados<\/b> para este site. O documento ser\u00e1 aberto em uma nova guia.<\/p><\/li><\/ul>\t\t\t\t\t\t\t\t<\/div>\n\t\t\t\t<\/div>\n\t\t\t\t<\/div>\n\t\t<div class=\"elementor-element elementor-element-323dd1d e-con-full e-flex e-con e-child\" data-id=\"323dd1d\" data-element_type=\"container\" data-e-type=\"container\">\n\t\t\t\t<div class=\"elementor-element elementor-element-24355e4 elementor-widget elementor-widget-html\" data-id=\"24355e4\" data-element_type=\"widget\" data-e-type=\"widget\" data-widget_type=\"html.default\">\n\t\t\t\t<div class=\"elementor-widget-container\">\n\t\t\t\t\t    <div id=\"fadema-form-box\" style=\"max-width: 500px; margin: 0 auto; padding: 20px; font-family: sans-serif;\">\n        \n        <div style=\"text-align: left; margin-bottom: 20px;\">\n            <label style=\"font-size: 16px; font-weight: bold; color: #005a8d; text-transform: uppercase; display: block; margin-bottom: 8px;\">\n                Nome Completo:\n            <\/label>\n            <input type=\"text\" id=\"nome_usuario\" placeholder=\"Digite seu nome\" \n                   style=\"width:100%; padding: 15px; border: 1px solid #ddd; border-radius: 8px; font-size: 18px; box-sizing: border-box;\">\n        <\/div>\n\n        <div style=\"text-align: left; margin-bottom: 30px;\">\n            <label style=\"font-size: 16px; font-weight: bold; color: #005a8d; text-transform: uppercase; display: block; margin-bottom: 8px;\">\n                SENHA (CPF apenas n\u00fameros):\n            <\/label>\n            <input type=\"password\" id=\"cpf_busca\" placeholder=\"00000000000\" maxlength=\"11\" \n                   style=\"width:100%; padding: 15px; border: 1px solid #ddd; border-radius: 8px; font-size: 18px; box-sizing: border-box; letter-spacing: 2px;\">\n        <\/div>\n\n        <button id=\"btn-consulta\" onclick=\"buscarInformeFadema()\" \n                style=\"width:100%; padding: 20px; background:#005a8d; color:white; border:none; border-radius: 8px; font-weight: bold; cursor:pointer; font-size: 18px; transition: 0.3s; text-transform: uppercase;\">\n            CONSULTAR AGORA\n        <\/button>\n        \n        <div id=\"erro-msg\" style=\"color: #d93025; background: #fce8e6; padding: 15px; border-radius: 5px; margin-top: 25px; display: none; font-size: 16px; text-align: center; font-weight: bold; border: 1px solid #d93025;\"><\/div>\n    <\/div>\n    .\t\t\t\t<\/div>\n\t\t\t\t<\/div>\n\t\t\t\t<\/div>\n\t\t\t\t\t<\/div>\n\t\t\t\t<\/div>\n\t\t<div class=\"elementor-element elementor-element-7263bd5 e-flex e-con-boxed e-con e-parent\" data-id=\"7263bd5\" data-element_type=\"container\" data-e-type=\"container\">\n\t\t\t\t\t<div class=\"e-con-inner\">\n\t\t\t\t<div class=\"elementor-element elementor-element-8364cb2 elementor-align-center elementor-widget elementor-widget-button\" data-id=\"8364cb2\" data-element_type=\"widget\" data-e-type=\"widget\" data-widget_type=\"button.default\">\n\t\t\t\t<div class=\"elementor-widget-container\">\n\t\t\t\t\t\t\t\t\t<div class=\"elementor-button-wrapper\">\n\t\t\t\t\t<a class=\"elementor-button elementor-button-link elementor-size-sm\" href=\"https:\/\/fadema.org.br\/atendimento\/\" target=\"_blank\">\n\t\t\t\t\t\t<span class=\"elementor-button-content-wrapper\">\n\t\t\t\t\t\t\t\t\t<span class=\"elementor-button-text\">D\u00favidas? Problemas com a emiss\u00e3o do seu documento? Fale conosco aqui.<\/span>\n\t\t\t\t\t<\/span>\n\t\t\t\t\t<\/a>\n\t\t\t\t<\/div>\n\t\t\t\t\t\t\t\t<\/div>\n\t\t\t\t<\/div>\n\t\t\t\t<div class=\"elementor-element elementor-element-3186e3d elementor-widget elementor-widget-text-editor\" data-id=\"3186e3d\" data-element_type=\"widget\" data-e-type=\"widget\" data-widget_type=\"text-editor.default\">\n\t\t\t\t<div class=\"elementor-widget-container\">\n\t\t\t\t\t\t\t\t\t<ul data-path-to-node=\"9\"><li style=\"text-align: justify;\"><p data-path-to-node=\"9,2,1\"><span data-path-to-node=\"9,2,1,0\"><b data-path-to-node=\"9,2,1,0\" data-index-in-node=\"0\"><span class=\"citation-126\">Privacidade:<\/span><\/b><span class=\"citation-126\"> Este portal utiliza tecnologias de <\/span><b data-path-to-node=\"9,2,1,0\" data-index-in-node=\"48\"><span class=\"citation-126\">armazenamento criptografado<\/span><\/b><span class=\"citation-126\"> para garantir a total confidencialidade dos seus dados financeiros<\/span><\/span><span data-path-to-node=\"9,2,1,2\">.<\/span><\/p><\/li><li><p id=\"p-rc_e0e45e072551daf5-72\" style=\"text-align: justify;\" data-path-to-node=\"9,3,1\"><span data-path-to-node=\"9,3,1,0\"><b data-path-to-node=\"9,3,1,0\" data-index-in-node=\"0\"><span class=\"citation-125\">Conformidade:<\/span><\/b><span class=\"citation-125\"> O processamento e a disponibiliza\u00e7\u00e3o destes dados ocorrem em estrita conformidade com a <\/span><b data-path-to-node=\"9,3,1,0\" data-index-in-node=\"102\"><span class=\"citation-125\">Lei Geral de Prote\u00e7\u00e3o de Dados (LGPD &#8211; Lei n\u00ba 13.709\/2018)<\/span><\/b><\/span><span data-path-to-node=\"9,3,1,2\">.<\/span><\/p><\/li><\/ul>\t\t\t\t\t\t\t\t<\/div>\n\t\t\t\t<\/div>\n\t\t\t\t\t<\/div>\n\t\t\t\t<\/div>\n\t\t\t\t<\/div>\n\t\t","protected":false},"excerpt":{"rendered":"<p>IMPOSTO DE RENDA 2026 &#8211; Comprovante de Rendimentos Pagos e de Imposto sobre a Renda Retido na Fonte &#8211; Exerc\u00edcio 2026 (Ano Base 2025) \ud83d\udd12 Orienta\u00e7\u00f5es para Acesso Para visualizar e baixar o seu documento em nosso ambiente seguro, siga as instru\u00e7\u00f5es abaixo: Identifica\u00e7\u00e3o: No primeiro campo, informe o seu nome completo conforme o registro [&hellip;]<\/p>\n","protected":false},"author":2,"featured_media":0,"parent":0,"menu_order":0,"comment_status":"closed","ping_status":"closed","template":"","meta":{"footnotes":""},"class_list":["post-72","page","type-page","status-publish","hentry"],"_links":{"self":[{"href":"https:\/\/irpf.fadema.org.br\/index.php?rest_route=\/wp\/v2\/pages\/72","targetHints":{"allow":["GET"]}}],"collection":[{"href":"https:\/\/irpf.fadema.org.br\/index.php?rest_route=\/wp\/v2\/pages"}],"about":[{"href":"https:\/\/irpf.fadema.org.br\/index.php?rest_route=\/wp\/v2\/types\/page"}],"author":[{"embeddable":true,"href":"https:\/\/irpf.fadema.org.br\/index.php?rest_route=\/wp\/v2\/users\/2"}],"replies":[{"embeddable":true,"href":"https:\/\/irpf.fadema.org.br\/index.php?rest_route=%2Fwp%2Fv2%2Fcomments&post=72"}],"version-history":[{"count":365,"href":"https:\/\/irpf.fadema.org.br\/index.php?rest_route=\/wp\/v2\/pages\/72\/revisions"}],"predecessor-version":[{"id":18385,"href":"https:\/\/irpf.fadema.org.br\/index.php?rest_route=\/wp\/v2\/pages\/72\/revisions\/18385"}],"wp:attachment":[{"href":"https:\/\/irpf.fadema.org.br\/index.php?rest_route=%2Fwp%2Fv2%2Fmedia&parent=72"}],"curies":[{"name":"wp","href":"https:\/\/api.w.org\/{rel}","templated":true}]}}